{"id":683,"date":"2024-07-16T22:36:04","date_gmt":"2024-07-16T22:36:04","guid":{"rendered":"https:\/\/parcoursscolaire.sdesj.org\/formation-collegiale\/"},"modified":"2025-05-29T10:37:03","modified_gmt":"2025-05-29T10:37:03","slug":"cegep-and-college","status":"publish","type":"page","link":"https:\/\/parcoursscolaire.sdesj.org\/en\/cegep-and-college\/","title":{"rendered":"CEGEP and College"},"content":{"rendered":"\t\t<div data-elementor-type=\"wp-page\" data-elementor-id=\"683\" class=\"elementor elementor-683 elementor-36\" data-elementor-post-type=\"page\">\n\t\t\t\t<div data-particle_enable=\"false\" data-particle-mobile-disabled=\"false\" class=\"elementor-element elementor-element-833906b e-flex e-con-boxed e-con e-parent\" data-id=\"833906b\" data-element_type=\"container\" data-settings=\"{&quot;background_background&quot;:&quot;classic&quot;}\">\n\t\t\t\t\t<div class=\"e-con-inner\">\n\t\t<div data-particle_enable=\"false\" data-particle-mobile-disabled=\"false\" class=\"elementor-element elementor-element-d9c0045 e-con-full e-flex e-con e-child\" data-id=\"d9c0045\" data-element_type=\"container\">\n\t\t<div data-particle_enable=\"false\" data-particle-mobile-disabled=\"false\" class=\"elementor-element elementor-element-6fcfe17 e-con-full e-flex e-con e-child\" data-id=\"6fcfe17\" data-element_type=\"container\">\n\t\t<div data-particle_enable=\"false\" data-particle-mobile-disabled=\"false\" class=\"elementor-element elementor-element-9435464 e-con-full e-flex e-con e-child\" data-id=\"9435464\" data-element_type=\"container\">\n\t\t\t\t<div class=\"elementor-element elementor-element-bcd9d90 elementor-widget__width-initial elementor-widget-mobile__width-initial elementor-widget elementor-widget-text-editor\" data-id=\"bcd9d90\" data-element_type=\"widget\" data-widget_type=\"text-editor.default\">\n\t\t\t\t<div class=\"elementor-widget-container\">\n\t\t\t\t\t\t\t\t\t<p>Prerequisites:<\/p>\t\t\t\t\t\t\t\t<\/div>\n\t\t\t\t<\/div>\n\t\t\t\t<div class=\"elementor-element elementor-element-019546d elementor-icon-list--layout-inline elementor-widget__width-initial elementor-list-item-link-full_width elementor-widget elementor-widget-icon-list\" data-id=\"019546d\" data-element_type=\"widget\" data-widget_type=\"icon-list.default\">\n\t\t\t\t<div class=\"elementor-widget-container\">\n\t\t\t\t\t\t\t<ul class=\"elementor-icon-list-items elementor-inline-items\">\n\t\t\t\t\t\t\t<li class=\"elementor-icon-list-item elementor-inline-item\">\n\t\t\t\t\t\t\t\t\t\t\t<a href=\"https:\/\/parcoursscolaire.sdesj.org\/en\/secondary\/\">\n\n\t\t\t\t\t\t\t\t\t\t\t<span class=\"elementor-icon-list-text\">Secondary<\/span>\n\t\t\t\t\t\t\t\t\t\t\t<\/a>\n\t\t\t\t\t\t\t\t\t<\/li>\n\t\t\t\t\t\t<\/ul>\n\t\t\t\t\t\t<\/div>\n\t\t\t\t<\/div>\n\t\t\t\t<\/div>\n\t\t\t\t<div class=\"elementor-element elementor-element-689be76 elementor-widget elementor-widget-heading\" data-id=\"689be76\" data-element_type=\"widget\" data-widget_type=\"heading.default\">\n\t\t\t\t<div class=\"elementor-widget-container\">\n\t\t\t\t\t<h1 class=\"elementor-heading-title elementor-size-default\">CEGEP and College<\/h1>\t\t\t\t<\/div>\n\t\t\t\t<\/div>\n\t\t\t\t<div class=\"elementor-element elementor-element-2703b51 elementor-widget elementor-widget-heading\" data-id=\"2703b51\" data-element_type=\"widget\" data-widget_type=\"heading.default\">\n\t\t\t\t<div class=\"elementor-widget-container\">\n\t\t\t\t\t<h3 class=\"elementor-heading-title elementor-size-default\">From 16 years old<\/h3>\t\t\t\t<\/div>\n\t\t\t\t<\/div>\n\t\t<div data-particle_enable=\"false\" data-particle-mobile-disabled=\"false\" class=\"elementor-element elementor-element-fd9835b e-con-full e-flex e-con e-child\" data-id=\"fd9835b\" data-element_type=\"container\">\n\t\t\t\t<div class=\"elementor-element elementor-element-c1a1f45 elementor-widget__width-initial elementor-widget elementor-widget-text-editor\" data-id=\"c1a1f45\" data-element_type=\"widget\" data-widget_type=\"text-editor.default\">\n\t\t\t\t<div class=\"elementor-widget-container\">\n\t\t\t\t\t\t\t\t\t<p>Possibilities :<\/p>\t\t\t\t\t\t\t\t<\/div>\n\t\t\t\t<\/div>\n\t\t\t\t<div class=\"elementor-element elementor-element-dcccb6a elementor-icon-list--layout-inline elementor-widget__width-initial elementor-list-item-link-full_width elementor-widget elementor-widget-icon-list\" data-id=\"dcccb6a\" data-element_type=\"widget\" data-widget_type=\"icon-list.default\">\n\t\t\t\t<div class=\"elementor-widget-container\">\n\t\t\t\t\t\t\t<ul class=\"elementor-icon-list-items elementor-inline-items\">\n\t\t\t\t\t\t\t<li class=\"elementor-icon-list-item elementor-inline-item\">\n\t\t\t\t\t\t\t\t\t\t\t<a href=\"https:\/\/parcoursscolaire.sdesj.org\/en\/vocational-training\/\">\n\n\t\t\t\t\t\t\t\t\t\t\t<span class=\"elementor-icon-list-text\">Vocational Training<\/span>\n\t\t\t\t\t\t\t\t\t\t\t<\/a>\n\t\t\t\t\t\t\t\t\t<\/li>\n\t\t\t\t\t\t\t\t<li class=\"elementor-icon-list-item elementor-inline-item\">\n\t\t\t\t\t\t\t\t\t\t\t<a href=\"https:\/\/parcoursscolaire.sdesj.org\/en\/university\/\">\n\n\t\t\t\t\t\t\t\t\t\t\t<span class=\"elementor-icon-list-text\">University<\/span>\n\t\t\t\t\t\t\t\t\t\t\t<\/a>\n\t\t\t\t\t\t\t\t\t<\/li>\n\t\t\t\t\t\t<\/ul>\n\t\t\t\t\t\t<\/div>\n\t\t\t\t<\/div>\n\t\t\t\t<\/div>\n\t\t\t\t<\/div>\n\t\t<div data-particle_enable=\"false\" data-particle-mobile-disabled=\"false\" class=\"elementor-element elementor-element-a570b8e e-con-full e-flex e-con e-child\" data-id=\"a570b8e\" data-element_type=\"container\">\n\t\t<a class=\"eael-wrapper-link-ddaf282 --eael-wrapper-link-tag\" href=\"https:\/\/parcoursscolaire.sdesj.org\/en\/cegep-and-college\/cegep-and-college-detail\/#informations\"><\/a>\t\t<div data-eael-wrapper-link=\"eael-wrapper-link-ddaf282\" class=\"elementor-element elementor-element-ddaf282 elementor-widget elementor-widget-text-editor\" data-id=\"ddaf282\" data-element_type=\"widget\" data-widget_type=\"text-editor.default\">\n\t\t\t\t<div class=\"elementor-widget-container\">\n\t\t\t\t\t\t\t\t\t<p>Some useful information<\/p>\t\t\t\t\t\t\t\t<\/div>\n\t\t\t\t<\/div>\n\t\t<a class=\"eael-wrapper-link-c01b40d --eael-wrapper-link-tag\" href=\"https:\/\/parcoursscolaire.sdesj.org\/en\/cegep-and-college\/cegep-and-college-detail\/#recommendations\"><\/a>\t\t<div data-eael-wrapper-link=\"eael-wrapper-link-c01b40d\" class=\"elementor-element elementor-element-c01b40d elementor-widget elementor-widget-text-editor\" data-id=\"c01b40d\" data-element_type=\"widget\" data-widget_type=\"text-editor.default\">\n\t\t\t\t<div class=\"elementor-widget-container\">\n\t\t\t\t\t\t\t\t\t<p>Findings and recommendations for greater equity<\/p>\t\t\t\t\t\t\t\t<\/div>\n\t\t\t\t<\/div>\n\t\t<a class=\"eael-wrapper-link-cc5c9fb --eael-wrapper-link-tag\" href=\"https:\/\/parcoursscolaire.sdesj.org\/en\/cegep-and-college\/cegep-and-college-detail\/#partenaires\"><\/a>\t\t<div data-eael-wrapper-link=\"eael-wrapper-link-cc5c9fb\" class=\"elementor-element elementor-element-cc5c9fb elementor-widget elementor-widget-text-editor\" data-id=\"cc5c9fb\" data-element_type=\"widget\" data-widget_type=\"text-editor.default\">\n\t\t\t\t<div class=\"elementor-widget-container\">\n\t\t\t\t\t\t\t\t\t<p>Some community partners<\/p>\t\t\t\t\t\t\t\t<\/div>\n\t\t\t\t<\/div>\n\t\t\t\t<\/div>\n\t\t\t\t<\/div>\n\t\t<div data-particle_enable=\"false\" data-particle-mobile-disabled=\"false\" class=\"elementor-element elementor-element-fbd75b1 e-con-full elementor-hidden-desktop e-flex e-con e-child\" data-id=\"fbd75b1\" data-element_type=\"container\">\n\t\t\t\t<div class=\"elementor-element elementor-element-c9f76f3 elementor-widget elementor-widget-n-accordion\" data-id=\"c9f76f3\" data-element_type=\"widget\" data-settings=\"{&quot;default_state&quot;:&quot;all_collapsed&quot;,&quot;max_items_expended&quot;:&quot;one&quot;,&quot;n_accordion_animation_duration&quot;:{&quot;unit&quot;:&quot;ms&quot;,&quot;size&quot;:400,&quot;sizes&quot;:[]}}\" data-widget_type=\"nested-accordion.default\">\n\t\t\t\t<div class=\"elementor-widget-container\">\n\t\t\t\t\t\t\t<div class=\"e-n-accordion\" aria-label=\"Accordion. Open links with Enter or Space, close with Escape, and navigate with Arrow Keys\">\n\t\t\t\t\t\t<details id=\"e-n-accordion-item-2110\" class=\"e-n-accordion-item\" >\n\t\t\t\t<summary class=\"e-n-accordion-item-title\" data-accordion-index=\"1\" tabindex=\"0\" aria-expanded=\"false\" aria-controls=\"e-n-accordion-item-2110\" >\n\t\t\t\t\t<span class='e-n-accordion-item-title-header'><div class=\"e-n-accordion-item-title-text\"> Programs <\/div><\/span>\n\t\t\t\t\t\t\t<span class='e-n-accordion-item-title-icon'>\n\t\t\t<span class='e-opened' ><svg aria-hidden=\"true\" class=\"e-font-icon-svg e-fas-minus\" viewBox=\"0 0 448 512\" xmlns=\"http:\/\/www.w3.org\/2000\/svg\"><path d=\"M416 208H32c-17.67 0-32 14.33-32 32v32c0 17.67 14.33 32 32 32h384c17.67 0 32-14.33 32-32v-32c0-17.67-14.33-32-32-32z\"><\/path><\/svg><\/span>\n\t\t\t<span class='e-closed'><svg aria-hidden=\"true\" class=\"e-font-icon-svg e-fas-plus\" viewBox=\"0 0 448 512\" xmlns=\"http:\/\/www.w3.org\/2000\/svg\"><path d=\"M416 208H272V64c0-17.67-14.33-32-32-32h-32c-17.67 0-32 14.33-32 32v144H32c-17.67 0-32 14.33-32 32v32c0 17.67 14.33 32 32 32h144v144c0 17.67 14.33 32 32 32h32c17.67 0 32-14.33 32-32V304h144c17.67 0 32-14.33 32-32v-32c0-17.67-14.33-32-32-32z\"><\/path><\/svg><\/span>\n\t\t<\/span>\n\n\t\t\t\t\t\t<\/summary>\n\t\t\t\t<div data-particle_enable=\"false\" data-particle-mobile-disabled=\"false\" role=\"region\" aria-labelledby=\"e-n-accordion-item-2110\" class=\"elementor-element elementor-element-3c821f3 e-con-full e-flex e-con e-child\" data-id=\"3c821f3\" data-element_type=\"container\">\n\t\t\t\t<div class=\"elementor-element elementor-element-de26f19 elementor-nav-menu--dropdown-none elementor-widget elementor-widget-nav-menu\" data-id=\"de26f19\" data-element_type=\"widget\" data-settings=\"{&quot;layout&quot;:&quot;vertical&quot;,&quot;submenu_icon&quot;:{&quot;value&quot;:&quot;&lt;svg class=\\&quot;e-font-icon-svg e-fas-caret-down\\&quot; viewBox=\\&quot;0 0 320 512\\&quot; xmlns=\\&quot;http:\\\/\\\/www.w3.org\\\/2000\\\/svg\\&quot;&gt;&lt;path d=\\&quot;M31.3 192h257.3c17.8 0 26.7 21.5 14.1 34.1L174.1 354.8c-7.8 7.8-20.5 7.8-28.3 0L17.2 226.1C4.6 213.5 13.5 192 31.3 192z\\&quot;&gt;&lt;\\\/path&gt;&lt;\\\/svg&gt;&quot;,&quot;library&quot;:&quot;fa-solid&quot;}}\" data-widget_type=\"nav-menu.default\">\n\t\t\t\t<div class=\"elementor-widget-container\">\n\t\t\t\t\t\t\t\t<nav aria-label=\"Menu\" class=\"elementor-nav-menu--main elementor-nav-menu__container elementor-nav-menu--layout-vertical e--pointer-none\">\n\t\t\t\t<ul id=\"menu-1-de26f19\" class=\"elementor-nav-menu sm-vertical\"><li class=\"pp-menu-item menu-item menu-item-type-post_type menu-item-object-page menu-item-45\"><a href=\"https:\/\/parcoursscolaire.sdesj.org\/prescolaire-et-primaire\/\" class=\"elementor-item\">Preschool and primary<\/a><\/li>\n<li class=\"sec-menu-item menu-item menu-item-type-post_type menu-item-object-page menu-item-46\"><a href=\"https:\/\/parcoursscolaire.sdesj.org\/secondaire\/\" class=\"elementor-item\">Secondary<\/a><\/li>\n<li class=\"sec-menu-item menu-item menu-item-type-post_type menu-item-object-page menu-item-43\"><a href=\"https:\/\/parcoursscolaire.sdesj.org\/formation-generale\/\" class=\"elementor-item\">Adult General Education<\/a><\/li>\n<li class=\"sec-menu-item menu-item menu-item-type-post_type menu-item-object-page menu-item-44\"><a href=\"https:\/\/parcoursscolaire.sdesj.org\/formation-professionnelle\/\" class=\"elementor-item\">Vocational Training<\/a><\/li>\n<li class=\"col-menu-item menu-item menu-item-type-post_type menu-item-object-page menu-item-42\"><a href=\"https:\/\/parcoursscolaire.sdesj.org\/formation-collegiale\/\" class=\"elementor-item\">CEGEP and College<\/a><\/li>\n<li class=\"uni-menu-item menu-item menu-item-type-post_type menu-item-object-page menu-item-47\"><a href=\"https:\/\/parcoursscolaire.sdesj.org\/universite\/\" class=\"elementor-item\">University<\/a><\/li>\n<\/ul>\t\t\t<\/nav>\n\t\t\t\t\t\t<nav class=\"elementor-nav-menu--dropdown elementor-nav-menu__container\" aria-hidden=\"true\">\n\t\t\t\t<ul id=\"menu-2-de26f19\" class=\"elementor-nav-menu sm-vertical\"><li class=\"pp-menu-item menu-item menu-item-type-post_type menu-item-object-page menu-item-45\"><a href=\"https:\/\/parcoursscolaire.sdesj.org\/prescolaire-et-primaire\/\" class=\"elementor-item\" tabindex=\"-1\">Preschool and primary<\/a><\/li>\n<li class=\"sec-menu-item menu-item menu-item-type-post_type menu-item-object-page menu-item-46\"><a href=\"https:\/\/parcoursscolaire.sdesj.org\/secondaire\/\" class=\"elementor-item\" tabindex=\"-1\">Secondary<\/a><\/li>\n<li class=\"sec-menu-item menu-item menu-item-type-post_type menu-item-object-page menu-item-43\"><a href=\"https:\/\/parcoursscolaire.sdesj.org\/formation-generale\/\" class=\"elementor-item\" tabindex=\"-1\">Adult General Education<\/a><\/li>\n<li class=\"sec-menu-item menu-item menu-item-type-post_type menu-item-object-page menu-item-44\"><a href=\"https:\/\/parcoursscolaire.sdesj.org\/formation-professionnelle\/\" class=\"elementor-item\" tabindex=\"-1\">Vocational Training<\/a><\/li>\n<li class=\"col-menu-item menu-item menu-item-type-post_type menu-item-object-page menu-item-42\"><a href=\"https:\/\/parcoursscolaire.sdesj.org\/formation-collegiale\/\" class=\"elementor-item\" tabindex=\"-1\">CEGEP and College<\/a><\/li>\n<li class=\"uni-menu-item menu-item menu-item-type-post_type menu-item-object-page menu-item-47\"><a href=\"https:\/\/parcoursscolaire.sdesj.org\/universite\/\" class=\"elementor-item\" tabindex=\"-1\">University<\/a><\/li>\n<\/ul>\t\t\t<\/nav>\n\t\t\t\t\t\t<\/div>\n\t\t\t\t<\/div>\n\t\t\t\t<\/div>\n\t\t\t\t\t<\/details>\n\t\t\t\t\t<\/div>\n\t\t\t\t\t\t<\/div>\n\t\t\t\t<\/div>\n\t\t\t\t<\/div>\n\t\t\t\t\t<\/div>\n\t\t\t\t<\/div>\n\t\t\t\t<\/div>\n\t\t","protected":false},"excerpt":{"rendered":"<p>Prerequisites: Secondary CEGEP and College From 16 years old Possibilities : Vocational Training University Some useful information Findings and recommendations for greater equity Some community partners Programs Pr\u00e9scolaire et primaire Secondaire Formation g\u00e9n\u00e9rale adulte Formation professionnelle Coll\u00e9gial Universit\u00e9 Pr\u00e9scolaire et primaire Secondaire Formation g\u00e9n\u00e9rale adulte Formation professionnelle Coll\u00e9gial Universit\u00e9<\/p>\n","protected":false},"author":1,"featured_media":0,"parent":0,"menu_order":0,"comment_status":"closed","ping_status":"closed","template":"","meta":{"footnotes":""},"class_list":["post-683","page","type-page","status-publish","hentry"],"_links":{"self":[{"href":"https:\/\/parcoursscolaire.sdesj.org\/en\/wp-json\/wp\/v2\/pages\/683","targetHints":{"allow":["GET"]}}],"collection":[{"href":"https:\/\/parcoursscolaire.sdesj.org\/en\/wp-json\/wp\/v2\/pages"}],"about":[{"href":"https:\/\/parcoursscolaire.sdesj.org\/en\/wp-json\/wp\/v2\/types\/page"}],"author":[{"embeddable":true,"href":"https:\/\/parcoursscolaire.sdesj.org\/en\/wp-json\/wp\/v2\/users\/1"}],"replies":[{"embeddable":true,"href":"https:\/\/parcoursscolaire.sdesj.org\/en\/wp-json\/wp\/v2\/comments?post=683"}],"version-history":[{"count":3,"href":"https:\/\/parcoursscolaire.sdesj.org\/en\/wp-json\/wp\/v2\/pages\/683\/revisions"}],"predecessor-version":[{"id":1387,"href":"https:\/\/parcoursscolaire.sdesj.org\/en\/wp-json\/wp\/v2\/pages\/683\/revisions\/1387"}],"wp:attachment":[{"href":"https:\/\/parcoursscolaire.sdesj.org\/en\/wp-json\/wp\/v2\/media?parent=683"}],"curies":[{"name":"wp","href":"https:\/\/api.w.org\/{rel}","templated":true}]}}