{"id":685,"date":"2024-07-16T22:35:33","date_gmt":"2024-07-16T22:35:33","guid":{"rendered":"https:\/\/parcoursscolaire.sdesj.org\/formation-generale\/"},"modified":"2025-05-29T10:35:30","modified_gmt":"2025-05-29T10:35:30","slug":"adult-general-education","status":"publish","type":"page","link":"https:\/\/parcoursscolaire.sdesj.org\/en\/adult-general-education\/","title":{"rendered":"Adult General Education"},"content":{"rendered":"\t\t<div data-elementor-type=\"wp-page\" data-elementor-id=\"685\" class=\"elementor elementor-685 elementor-32\" data-elementor-post-type=\"page\">\n\t\t\t\t<div data-particle_enable=\"false\" data-particle-mobile-disabled=\"false\" class=\"elementor-element elementor-element-ed0fea5 e-flex e-con-boxed e-con e-parent\" data-id=\"ed0fea5\" data-element_type=\"container\" data-settings=\"{&quot;background_background&quot;:&quot;classic&quot;}\">\n\t\t\t\t\t<div class=\"e-con-inner\">\n\t\t<div data-particle_enable=\"false\" data-particle-mobile-disabled=\"false\" class=\"elementor-element elementor-element-75e9713 e-con-full e-flex e-con e-child\" data-id=\"75e9713\" data-element_type=\"container\">\n\t\t<div data-particle_enable=\"false\" data-particle-mobile-disabled=\"false\" class=\"elementor-element elementor-element-093189a e-con-full e-flex e-con e-child\" data-id=\"093189a\" data-element_type=\"container\">\n\t\t<div data-particle_enable=\"false\" data-particle-mobile-disabled=\"false\" class=\"elementor-element elementor-element-7c36744 e-con-full e-flex e-con e-child\" data-id=\"7c36744\" data-element_type=\"container\">\n\t\t\t\t<div class=\"elementor-element elementor-element-e2ae536 elementor-widget__width-initial elementor-widget-mobile__width-initial elementor-widget elementor-widget-text-editor\" data-id=\"e2ae536\" data-element_type=\"widget\" data-widget_type=\"text-editor.default\">\n\t\t\t\t<div class=\"elementor-widget-container\">\n\t\t\t\t\t\t\t\t\t<p>Prerequisites:<\/p>\t\t\t\t\t\t\t\t<\/div>\n\t\t\t\t<\/div>\n\t\t\t\t<div class=\"elementor-element elementor-element-421fce2 elementor-icon-list--layout-inline elementor-widget__width-initial elementor-list-item-link-full_width elementor-widget elementor-widget-icon-list\" data-id=\"421fce2\" data-element_type=\"widget\" data-widget_type=\"icon-list.default\">\n\t\t\t\t<div class=\"elementor-widget-container\">\n\t\t\t\t\t\t\t<ul class=\"elementor-icon-list-items elementor-inline-items\">\n\t\t\t\t\t\t\t<li class=\"elementor-icon-list-item elementor-inline-item\">\n\t\t\t\t\t\t\t\t\t\t\t<a href=\"https:\/\/parcoursscolaire.sdesj.org\/en\/secondary\/\">\n\n\t\t\t\t\t\t\t\t\t\t\t<span class=\"elementor-icon-list-text\">Secondary<\/span>\n\t\t\t\t\t\t\t\t\t\t\t<\/a>\n\t\t\t\t\t\t\t\t\t<\/li>\n\t\t\t\t\t\t<\/ul>\n\t\t\t\t\t\t<\/div>\n\t\t\t\t<\/div>\n\t\t\t\t<\/div>\n\t\t\t\t<div class=\"elementor-element elementor-element-08ba571 elementor-widget elementor-widget-heading\" data-id=\"08ba571\" data-element_type=\"widget\" data-widget_type=\"heading.default\">\n\t\t\t\t<div class=\"elementor-widget-container\">\n\t\t\t\t\t<h1 class=\"elementor-heading-title elementor-size-default\">Adult General Education<\/h1>\t\t\t\t<\/div>\n\t\t\t\t<\/div>\n\t\t\t\t<div class=\"elementor-element elementor-element-2c209d0 elementor-widget elementor-widget-heading\" data-id=\"2c209d0\" data-element_type=\"widget\" data-widget_type=\"heading.default\">\n\t\t\t\t<div class=\"elementor-widget-container\">\n\t\t\t\t\t<h3 class=\"elementor-heading-title elementor-size-default\">From 16 years old<\/h3>\t\t\t\t<\/div>\n\t\t\t\t<\/div>\n\t\t<div data-particle_enable=\"false\" data-particle-mobile-disabled=\"false\" class=\"elementor-element elementor-element-dcbc679 e-con-full e-flex e-con e-child\" data-id=\"dcbc679\" data-element_type=\"container\">\n\t\t\t\t<div class=\"elementor-element elementor-element-04ef300 elementor-widget__width-initial elementor-widget elementor-widget-text-editor\" data-id=\"04ef300\" data-element_type=\"widget\" data-widget_type=\"text-editor.default\">\n\t\t\t\t<div class=\"elementor-widget-container\">\n\t\t\t\t\t\t\t\t\t<p>Possibilit\u00e9s :<\/p>\t\t\t\t\t\t\t\t<\/div>\n\t\t\t\t<\/div>\n\t\t\t\t<div class=\"elementor-element elementor-element-5b2d2f1 elementor-icon-list--layout-inline elementor-widget__width-initial elementor-list-item-link-full_width elementor-widget elementor-widget-icon-list\" data-id=\"5b2d2f1\" data-element_type=\"widget\" data-widget_type=\"icon-list.default\">\n\t\t\t\t<div class=\"elementor-widget-container\">\n\t\t\t\t\t\t\t<ul class=\"elementor-icon-list-items elementor-inline-items\">\n\t\t\t\t\t\t\t<li class=\"elementor-icon-list-item elementor-inline-item\">\n\t\t\t\t\t\t\t\t\t\t\t<a href=\"https:\/\/parcoursscolaire.sdesj.org\/formation-professionnelle\/\">\n\n\t\t\t\t\t\t\t\t\t\t\t<span class=\"elementor-icon-list-text\">formation professionnelle<\/span>\n\t\t\t\t\t\t\t\t\t\t\t<\/a>\n\t\t\t\t\t\t\t\t\t<\/li>\n\t\t\t\t\t\t<\/ul>\n\t\t\t\t\t\t<\/div>\n\t\t\t\t<\/div>\n\t\t\t\t<\/div>\n\t\t\t\t<\/div>\n\t\t<div data-particle_enable=\"false\" data-particle-mobile-disabled=\"false\" class=\"elementor-element elementor-element-915b415 e-con-full e-flex e-con e-child\" data-id=\"915b415\" data-element_type=\"container\">\n\t\t<a class=\"eael-wrapper-link-b17a6cb --eael-wrapper-link-tag\" href=\"https:\/\/parcoursscolaire.sdesj.org\/en\/adult-general-education\/adult-general-education-detail\/#informations\"><\/a>\t\t<div data-eael-wrapper-link=\"eael-wrapper-link-b17a6cb\" class=\"elementor-element elementor-element-b17a6cb elementor-widget elementor-widget-text-editor\" data-id=\"b17a6cb\" data-element_type=\"widget\" data-widget_type=\"text-editor.default\">\n\t\t\t\t<div class=\"elementor-widget-container\">\n\t\t\t\t\t\t\t\t\t<p>Some useful information<\/p>\t\t\t\t\t\t\t\t<\/div>\n\t\t\t\t<\/div>\n\t\t<a class=\"eael-wrapper-link-5583361 --eael-wrapper-link-tag\" href=\"https:\/\/parcoursscolaire.sdesj.org\/en\/adult-general-education\/adult-general-education-detail\/#recommendations\"><\/a>\t\t<div data-eael-wrapper-link=\"eael-wrapper-link-5583361\" class=\"elementor-element elementor-element-5583361 elementor-widget elementor-widget-text-editor\" data-id=\"5583361\" data-element_type=\"widget\" data-widget_type=\"text-editor.default\">\n\t\t\t\t<div class=\"elementor-widget-container\">\n\t\t\t\t\t\t\t\t\t<p>Findings and recommendations for more equity<\/p>\t\t\t\t\t\t\t\t<\/div>\n\t\t\t\t<\/div>\n\t\t<a class=\"eael-wrapper-link-403f92a --eael-wrapper-link-tag\" href=\"https:\/\/parcoursscolaire.sdesj.org\/en\/adult-general-education\/adult-general-education-detail\/#partenaires\"><\/a>\t\t<div data-eael-wrapper-link=\"eael-wrapper-link-403f92a\" class=\"elementor-element elementor-element-403f92a elementor-widget elementor-widget-text-editor\" data-id=\"403f92a\" data-element_type=\"widget\" data-widget_type=\"text-editor.default\">\n\t\t\t\t<div class=\"elementor-widget-container\">\n\t\t\t\t\t\t\t\t\t<p>Some community partners<\/p>\t\t\t\t\t\t\t\t<\/div>\n\t\t\t\t<\/div>\n\t\t\t\t<\/div>\n\t\t\t\t<\/div>\n\t\t<div data-particle_enable=\"false\" data-particle-mobile-disabled=\"false\" class=\"elementor-element elementor-element-5bd8a76 e-con-full elementor-hidden-desktop e-flex e-con e-child\" data-id=\"5bd8a76\" data-element_type=\"container\">\n\t\t\t\t<div class=\"elementor-element elementor-element-8166512 elementor-widget elementor-widget-n-accordion\" data-id=\"8166512\" data-element_type=\"widget\" data-settings=\"{&quot;default_state&quot;:&quot;all_collapsed&quot;,&quot;max_items_expended&quot;:&quot;one&quot;,&quot;n_accordion_animation_duration&quot;:{&quot;unit&quot;:&quot;ms&quot;,&quot;size&quot;:400,&quot;sizes&quot;:[]}}\" data-widget_type=\"nested-accordion.default\">\n\t\t\t\t<div class=\"elementor-widget-container\">\n\t\t\t\t\t\t\t<div class=\"e-n-accordion\" aria-label=\"Accordion. Open links with Enter or Space, close with Escape, and navigate with Arrow Keys\">\n\t\t\t\t\t\t<details id=\"e-n-accordion-item-1350\" class=\"e-n-accordion-item\" >\n\t\t\t\t<summary class=\"e-n-accordion-item-title\" data-accordion-index=\"1\" tabindex=\"0\" aria-expanded=\"false\" aria-controls=\"e-n-accordion-item-1350\" >\n\t\t\t\t\t<span class='e-n-accordion-item-title-header'><div class=\"e-n-accordion-item-title-text\"> Programs <\/div><\/span>\n\t\t\t\t\t\t\t<span class='e-n-accordion-item-title-icon'>\n\t\t\t<span class='e-opened' ><svg aria-hidden=\"true\" class=\"e-font-icon-svg e-fas-minus\" viewBox=\"0 0 448 512\" xmlns=\"http:\/\/www.w3.org\/2000\/svg\"><path d=\"M416 208H32c-17.67 0-32 14.33-32 32v32c0 17.67 14.33 32 32 32h384c17.67 0 32-14.33 32-32v-32c0-17.67-14.33-32-32-32z\"><\/path><\/svg><\/span>\n\t\t\t<span class='e-closed'><svg aria-hidden=\"true\" class=\"e-font-icon-svg e-fas-plus\" viewBox=\"0 0 448 512\" xmlns=\"http:\/\/www.w3.org\/2000\/svg\"><path d=\"M416 208H272V64c0-17.67-14.33-32-32-32h-32c-17.67 0-32 14.33-32 32v144H32c-17.67 0-32 14.33-32 32v32c0 17.67 14.33 32 32 32h144v144c0 17.67 14.33 32 32 32h32c17.67 0 32-14.33 32-32V304h144c17.67 0 32-14.33 32-32v-32c0-17.67-14.33-32-32-32z\"><\/path><\/svg><\/span>\n\t\t<\/span>\n\n\t\t\t\t\t\t<\/summary>\n\t\t\t\t<div data-particle_enable=\"false\" data-particle-mobile-disabled=\"false\" role=\"region\" aria-labelledby=\"e-n-accordion-item-1350\" class=\"elementor-element elementor-element-e82031b e-con-full e-flex e-con e-child\" data-id=\"e82031b\" data-element_type=\"container\">\n\t\t\t\t<div class=\"elementor-element elementor-element-1467ab6 elementor-nav-menu--dropdown-none elementor-widget elementor-widget-nav-menu\" data-id=\"1467ab6\" data-element_type=\"widget\" data-settings=\"{&quot;layout&quot;:&quot;vertical&quot;,&quot;submenu_icon&quot;:{&quot;value&quot;:&quot;&lt;svg class=\\&quot;e-font-icon-svg e-fas-caret-down\\&quot; viewBox=\\&quot;0 0 320 512\\&quot; xmlns=\\&quot;http:\\\/\\\/www.w3.org\\\/2000\\\/svg\\&quot;&gt;&lt;path d=\\&quot;M31.3 192h257.3c17.8 0 26.7 21.5 14.1 34.1L174.1 354.8c-7.8 7.8-20.5 7.8-28.3 0L17.2 226.1C4.6 213.5 13.5 192 31.3 192z\\&quot;&gt;&lt;\\\/path&gt;&lt;\\\/svg&gt;&quot;,&quot;library&quot;:&quot;fa-solid&quot;}}\" data-widget_type=\"nav-menu.default\">\n\t\t\t\t<div class=\"elementor-widget-container\">\n\t\t\t\t\t\t\t\t<nav aria-label=\"Menu\" class=\"elementor-nav-menu--main elementor-nav-menu__container elementor-nav-menu--layout-vertical e--pointer-none\">\n\t\t\t\t<ul id=\"menu-1-1467ab6\" class=\"elementor-nav-menu sm-vertical\"><li class=\"pp-menu-item menu-item menu-item-type-post_type menu-item-object-page menu-item-45\"><a href=\"https:\/\/parcoursscolaire.sdesj.org\/prescolaire-et-primaire\/\" class=\"elementor-item\">Preschool and primary<\/a><\/li>\n<li class=\"sec-menu-item menu-item menu-item-type-post_type menu-item-object-page menu-item-46\"><a href=\"https:\/\/parcoursscolaire.sdesj.org\/secondaire\/\" class=\"elementor-item\">Secondary<\/a><\/li>\n<li class=\"sec-menu-item menu-item menu-item-type-post_type menu-item-object-page menu-item-43\"><a href=\"https:\/\/parcoursscolaire.sdesj.org\/formation-generale\/\" class=\"elementor-item\">Adult General Education<\/a><\/li>\n<li class=\"sec-menu-item menu-item menu-item-type-post_type menu-item-object-page menu-item-44\"><a href=\"https:\/\/parcoursscolaire.sdesj.org\/formation-professionnelle\/\" class=\"elementor-item\">Vocational Training<\/a><\/li>\n<li class=\"col-menu-item menu-item menu-item-type-post_type menu-item-object-page menu-item-42\"><a href=\"https:\/\/parcoursscolaire.sdesj.org\/formation-collegiale\/\" class=\"elementor-item\">CEGEP and College<\/a><\/li>\n<li class=\"uni-menu-item menu-item menu-item-type-post_type menu-item-object-page menu-item-47\"><a href=\"https:\/\/parcoursscolaire.sdesj.org\/universite\/\" class=\"elementor-item\">University<\/a><\/li>\n<\/ul>\t\t\t<\/nav>\n\t\t\t\t\t\t<nav class=\"elementor-nav-menu--dropdown elementor-nav-menu__container\" aria-hidden=\"true\">\n\t\t\t\t<ul id=\"menu-2-1467ab6\" class=\"elementor-nav-menu sm-vertical\"><li class=\"pp-menu-item menu-item menu-item-type-post_type menu-item-object-page menu-item-45\"><a href=\"https:\/\/parcoursscolaire.sdesj.org\/prescolaire-et-primaire\/\" class=\"elementor-item\" tabindex=\"-1\">Preschool and primary<\/a><\/li>\n<li class=\"sec-menu-item menu-item menu-item-type-post_type menu-item-object-page menu-item-46\"><a href=\"https:\/\/parcoursscolaire.sdesj.org\/secondaire\/\" class=\"elementor-item\" tabindex=\"-1\">Secondary<\/a><\/li>\n<li class=\"sec-menu-item menu-item menu-item-type-post_type menu-item-object-page menu-item-43\"><a href=\"https:\/\/parcoursscolaire.sdesj.org\/formation-generale\/\" class=\"elementor-item\" tabindex=\"-1\">Adult General Education<\/a><\/li>\n<li class=\"sec-menu-item menu-item menu-item-type-post_type menu-item-object-page menu-item-44\"><a href=\"https:\/\/parcoursscolaire.sdesj.org\/formation-professionnelle\/\" class=\"elementor-item\" tabindex=\"-1\">Vocational Training<\/a><\/li>\n<li class=\"col-menu-item menu-item menu-item-type-post_type menu-item-object-page menu-item-42\"><a href=\"https:\/\/parcoursscolaire.sdesj.org\/formation-collegiale\/\" class=\"elementor-item\" tabindex=\"-1\">CEGEP and College<\/a><\/li>\n<li class=\"uni-menu-item menu-item menu-item-type-post_type menu-item-object-page menu-item-47\"><a href=\"https:\/\/parcoursscolaire.sdesj.org\/universite\/\" class=\"elementor-item\" tabindex=\"-1\">University<\/a><\/li>\n<\/ul>\t\t\t<\/nav>\n\t\t\t\t\t\t<\/div>\n\t\t\t\t<\/div>\n\t\t\t\t<\/div>\n\t\t\t\t\t<\/details>\n\t\t\t\t\t<\/div>\n\t\t\t\t\t\t<\/div>\n\t\t\t\t<\/div>\n\t\t\t\t<\/div>\n\t\t\t\t\t<\/div>\n\t\t\t\t<\/div>\n\t\t\t\t<\/div>\n\t\t","protected":false},"excerpt":{"rendered":"<p>Prerequisites: Secondary Adult General Education From 16 years old Possibilit\u00e9s : formation professionnelle Some useful information Findings and recommendations for more equity Some community partners Programs Pr\u00e9scolaire et primaire Secondaire Formation g\u00e9n\u00e9rale adulte Formation professionnelle Coll\u00e9gial Universit\u00e9 Pr\u00e9scolaire et primaire Secondaire Formation g\u00e9n\u00e9rale adulte Formation professionnelle Coll\u00e9gial Universit\u00e9<\/p>\n","protected":false},"author":1,"featured_media":0,"parent":0,"menu_order":0,"comment_status":"closed","ping_status":"closed","template":"","meta":{"footnotes":""},"class_list":["post-685","page","type-page","status-publish","hentry"],"_links":{"self":[{"href":"https:\/\/parcoursscolaire.sdesj.org\/en\/wp-json\/wp\/v2\/pages\/685","targetHints":{"allow":["GET"]}}],"collection":[{"href":"https:\/\/parcoursscolaire.sdesj.org\/en\/wp-json\/wp\/v2\/pages"}],"about":[{"href":"https:\/\/parcoursscolaire.sdesj.org\/en\/wp-json\/wp\/v2\/types\/page"}],"author":[{"embeddable":true,"href":"https:\/\/parcoursscolaire.sdesj.org\/en\/wp-json\/wp\/v2\/users\/1"}],"replies":[{"embeddable":true,"href":"https:\/\/parcoursscolaire.sdesj.org\/en\/wp-json\/wp\/v2\/comments?post=685"}],"version-history":[{"count":3,"href":"https:\/\/parcoursscolaire.sdesj.org\/en\/wp-json\/wp\/v2\/pages\/685\/revisions"}],"predecessor-version":[{"id":1381,"href":"https:\/\/parcoursscolaire.sdesj.org\/en\/wp-json\/wp\/v2\/pages\/685\/revisions\/1381"}],"wp:attachment":[{"href":"https:\/\/parcoursscolaire.sdesj.org\/en\/wp-json\/wp\/v2\/media?parent=685"}],"curies":[{"name":"wp","href":"https:\/\/api.w.org\/{rel}","templated":true}]}}