{"id":688,"date":"2024-07-16T22:34:42","date_gmt":"2024-07-16T22:34:42","guid":{"rendered":"https:\/\/parcoursscolaire.sdesj.org\/accueil\/"},"modified":"2024-08-09T15:46:09","modified_gmt":"2024-08-09T15:46:09","slug":"home","status":"publish","type":"page","link":"https:\/\/parcoursscolaire.sdesj.org\/en\/","title":{"rendered":"Home"},"content":{"rendered":"\t\t<div data-elementor-type=\"wp-page\" data-elementor-id=\"688\" class=\"elementor elementor-688 elementor-26\" data-elementor-post-type=\"page\">\n\t\t\t\t<div data-particle_enable=\"false\" data-particle-mobile-disabled=\"false\" class=\"elementor-element elementor-element-43def23 e-flex e-con-boxed e-con e-parent\" data-id=\"43def23\" data-element_type=\"container\" data-settings=\"{&quot;background_background&quot;:&quot;classic&quot;}\">\n\t\t\t\t\t<div class=\"e-con-inner\">\n\t\t<div data-particle_enable=\"false\" data-particle-mobile-disabled=\"false\" class=\"elementor-element elementor-element-7ec36da e-con-full e-flex e-con e-child\" data-id=\"7ec36da\" data-element_type=\"container\">\n\t\t\t\t<div class=\"elementor-element elementor-element-35fd0af elementor-widget__width-initial elementor-widget elementor-widget-heading\" data-id=\"35fd0af\" data-element_type=\"widget\" data-widget_type=\"heading.default\">\n\t\t\t\t<div class=\"elementor-widget-container\">\n\t\t\t\t\t<h1 class=\"elementor-heading-title elementor-size-default\">Educational pathways in Quebec.<\/h1>\t\t\t\t<\/div>\n\t\t\t\t<\/div>\n\t\t\t\t<div class=\"elementor-element elementor-element-9c784d8 elementor-widget__width-initial elementor-widget elementor-widget-heading\" data-id=\"9c784d8\" data-element_type=\"widget\" data-widget_type=\"heading.default\">\n\t\t\t\t<div class=\"elementor-widget-container\">\n\t\t\t\t\t<h3 class=\"elementor-heading-title elementor-size-default\">Challenges, obstacles, and successes of Black Youth<\/h3>\t\t\t\t<\/div>\n\t\t\t\t<\/div>\n\t\t<div data-particle_enable=\"false\" data-particle-mobile-disabled=\"false\" class=\"elementor-element elementor-element-f5a40f5 e-con-full elementor-hidden-desktop e-flex e-con e-child\" data-id=\"f5a40f5\" data-element_type=\"container\">\n\t\t\t\t<div class=\"elementor-element elementor-element-43d7fd4 elementor-widget elementor-widget-n-accordion\" data-id=\"43d7fd4\" data-element_type=\"widget\" data-settings=\"{&quot;default_state&quot;:&quot;all_collapsed&quot;,&quot;max_items_expended&quot;:&quot;one&quot;,&quot;n_accordion_animation_duration&quot;:{&quot;unit&quot;:&quot;ms&quot;,&quot;size&quot;:400,&quot;sizes&quot;:[]}}\" data-widget_type=\"nested-accordion.default\">\n\t\t\t\t<div class=\"elementor-widget-container\">\n\t\t\t\t\t\t\t<div class=\"e-n-accordion\" aria-label=\"Accordion. Open links with Enter or Space, close with Escape, and navigate with Arrow Keys\">\n\t\t\t\t\t\t<details id=\"e-n-accordion-item-7110\" class=\"e-n-accordion-item\" >\n\t\t\t\t<summary class=\"e-n-accordion-item-title\" data-accordion-index=\"1\" tabindex=\"0\" aria-expanded=\"false\" aria-controls=\"e-n-accordion-item-7110\" >\n\t\t\t\t\t<span class='e-n-accordion-item-title-header'><div class=\"e-n-accordion-item-title-text\"> Programs <\/div><\/span>\n\t\t\t\t\t\t\t<span class='e-n-accordion-item-title-icon'>\n\t\t\t<span class='e-opened' ><svg aria-hidden=\"true\" class=\"e-font-icon-svg e-fas-minus\" viewBox=\"0 0 448 512\" xmlns=\"http:\/\/www.w3.org\/2000\/svg\"><path d=\"M416 208H32c-17.67 0-32 14.33-32 32v32c0 17.67 14.33 32 32 32h384c17.67 0 32-14.33 32-32v-32c0-17.67-14.33-32-32-32z\"><\/path><\/svg><\/span>\n\t\t\t<span class='e-closed'><svg aria-hidden=\"true\" class=\"e-font-icon-svg e-fas-plus\" viewBox=\"0 0 448 512\" xmlns=\"http:\/\/www.w3.org\/2000\/svg\"><path d=\"M416 208H272V64c0-17.67-14.33-32-32-32h-32c-17.67 0-32 14.33-32 32v144H32c-17.67 0-32 14.33-32 32v32c0 17.67 14.33 32 32 32h144v144c0 17.67 14.33 32 32 32h32c17.67 0 32-14.33 32-32V304h144c17.67 0 32-14.33 32-32v-32c0-17.67-14.33-32-32-32z\"><\/path><\/svg><\/span>\n\t\t<\/span>\n\n\t\t\t\t\t\t<\/summary>\n\t\t\t\t<div data-particle_enable=\"false\" data-particle-mobile-disabled=\"false\" role=\"region\" aria-labelledby=\"e-n-accordion-item-7110\" class=\"elementor-element elementor-element-2088076 e-con-full e-flex e-con e-child\" data-id=\"2088076\" data-element_type=\"container\">\n\t\t\t\t<div class=\"elementor-element elementor-element-3372c08 elementor-nav-menu--dropdown-none elementor-widget elementor-widget-nav-menu\" data-id=\"3372c08\" data-element_type=\"widget\" data-settings=\"{&quot;layout&quot;:&quot;vertical&quot;,&quot;submenu_icon&quot;:{&quot;value&quot;:&quot;&lt;svg class=\\&quot;e-font-icon-svg e-fas-caret-down\\&quot; viewBox=\\&quot;0 0 320 512\\&quot; xmlns=\\&quot;http:\\\/\\\/www.w3.org\\\/2000\\\/svg\\&quot;&gt;&lt;path d=\\&quot;M31.3 192h257.3c17.8 0 26.7 21.5 14.1 34.1L174.1 354.8c-7.8 7.8-20.5 7.8-28.3 0L17.2 226.1C4.6 213.5 13.5 192 31.3 192z\\&quot;&gt;&lt;\\\/path&gt;&lt;\\\/svg&gt;&quot;,&quot;library&quot;:&quot;fa-solid&quot;}}\" data-widget_type=\"nav-menu.default\">\n\t\t\t\t<div class=\"elementor-widget-container\">\n\t\t\t\t\t\t\t\t<nav aria-label=\"Menu\" class=\"elementor-nav-menu--main elementor-nav-menu__container elementor-nav-menu--layout-vertical e--pointer-none\">\n\t\t\t\t<ul id=\"menu-1-3372c08\" class=\"elementor-nav-menu sm-vertical\"><li class=\"pp-menu-item menu-item menu-item-type-post_type menu-item-object-page menu-item-45\"><a href=\"https:\/\/parcoursscolaire.sdesj.org\/prescolaire-et-primaire\/\" class=\"elementor-item\">Preschool and primary<\/a><\/li>\n<li class=\"sec-menu-item menu-item menu-item-type-post_type menu-item-object-page menu-item-46\"><a href=\"https:\/\/parcoursscolaire.sdesj.org\/secondaire\/\" class=\"elementor-item\">Secondary<\/a><\/li>\n<li class=\"sec-menu-item menu-item menu-item-type-post_type menu-item-object-page menu-item-43\"><a href=\"https:\/\/parcoursscolaire.sdesj.org\/formation-generale\/\" class=\"elementor-item\">Adult General Education<\/a><\/li>\n<li class=\"sec-menu-item menu-item menu-item-type-post_type menu-item-object-page menu-item-44\"><a href=\"https:\/\/parcoursscolaire.sdesj.org\/formation-professionnelle\/\" class=\"elementor-item\">Vocational Training<\/a><\/li>\n<li class=\"col-menu-item menu-item menu-item-type-post_type menu-item-object-page menu-item-42\"><a href=\"https:\/\/parcoursscolaire.sdesj.org\/formation-collegiale\/\" class=\"elementor-item\">CEGEP and College<\/a><\/li>\n<li class=\"uni-menu-item menu-item menu-item-type-post_type menu-item-object-page menu-item-47\"><a href=\"https:\/\/parcoursscolaire.sdesj.org\/universite\/\" class=\"elementor-item\">University<\/a><\/li>\n<\/ul>\t\t\t<\/nav>\n\t\t\t\t\t\t<nav class=\"elementor-nav-menu--dropdown elementor-nav-menu__container\" aria-hidden=\"true\">\n\t\t\t\t<ul id=\"menu-2-3372c08\" class=\"elementor-nav-menu sm-vertical\"><li class=\"pp-menu-item menu-item menu-item-type-post_type menu-item-object-page menu-item-45\"><a href=\"https:\/\/parcoursscolaire.sdesj.org\/prescolaire-et-primaire\/\" class=\"elementor-item\" tabindex=\"-1\">Preschool and primary<\/a><\/li>\n<li class=\"sec-menu-item menu-item menu-item-type-post_type menu-item-object-page menu-item-46\"><a href=\"https:\/\/parcoursscolaire.sdesj.org\/secondaire\/\" class=\"elementor-item\" tabindex=\"-1\">Secondary<\/a><\/li>\n<li class=\"sec-menu-item menu-item menu-item-type-post_type menu-item-object-page menu-item-43\"><a href=\"https:\/\/parcoursscolaire.sdesj.org\/formation-generale\/\" class=\"elementor-item\" tabindex=\"-1\">Adult General Education<\/a><\/li>\n<li class=\"sec-menu-item menu-item menu-item-type-post_type menu-item-object-page menu-item-44\"><a href=\"https:\/\/parcoursscolaire.sdesj.org\/formation-professionnelle\/\" class=\"elementor-item\" tabindex=\"-1\">Vocational Training<\/a><\/li>\n<li class=\"col-menu-item menu-item menu-item-type-post_type menu-item-object-page menu-item-42\"><a href=\"https:\/\/parcoursscolaire.sdesj.org\/formation-collegiale\/\" class=\"elementor-item\" tabindex=\"-1\">CEGEP and College<\/a><\/li>\n<li class=\"uni-menu-item menu-item menu-item-type-post_type menu-item-object-page menu-item-47\"><a href=\"https:\/\/parcoursscolaire.sdesj.org\/universite\/\" class=\"elementor-item\" tabindex=\"-1\">University<\/a><\/li>\n<\/ul>\t\t\t<\/nav>\n\t\t\t\t\t\t<\/div>\n\t\t\t\t<\/div>\n\t\t\t\t<\/div>\n\t\t\t\t\t<\/details>\n\t\t\t\t\t<\/div>\n\t\t\t\t\t\t<\/div>\n\t\t\t\t<\/div>\n\t\t\t\t<\/div>\n\t\t\t\t<\/div>\n\t\t\t\t\t<\/div>\n\t\t\t\t<\/div>\n\t\t\t\t<\/div>\n\t\t","protected":false},"excerpt":{"rendered":"<p>Educational pathways in Quebec. Challenges, obstacles, and successes of Black Youth Programs Pr\u00e9scolaire et primaire Secondaire Formation g\u00e9n\u00e9rale Formation professionnelle Formation coll\u00e9giale Universit\u00e9 Pr\u00e9scolaire et primaire Secondaire Formation g\u00e9n\u00e9rale Formation professionnelle Formation coll\u00e9giale Universit\u00e9<\/p>\n","protected":false},"author":1,"featured_media":0,"parent":0,"menu_order":0,"comment_status":"closed","ping_status":"closed","template":"","meta":{"footnotes":""},"class_list":["post-688","page","type-page","status-publish","hentry"],"_links":{"self":[{"href":"https:\/\/parcoursscolaire.sdesj.org\/en\/wp-json\/wp\/v2\/pages\/688","targetHints":{"allow":["GET"]}}],"collection":[{"href":"https:\/\/parcoursscolaire.sdesj.org\/en\/wp-json\/wp\/v2\/pages"}],"about":[{"href":"https:\/\/parcoursscolaire.sdesj.org\/en\/wp-json\/wp\/v2\/types\/page"}],"author":[{"embeddable":true,"href":"https:\/\/parcoursscolaire.sdesj.org\/en\/wp-json\/wp\/v2\/users\/1"}],"replies":[{"embeddable":true,"href":"https:\/\/parcoursscolaire.sdesj.org\/en\/wp-json\/wp\/v2\/comments?post=688"}],"version-history":[{"count":0,"href":"https:\/\/parcoursscolaire.sdesj.org\/en\/wp-json\/wp\/v2\/pages\/688\/revisions"}],"wp:attachment":[{"href":"https:\/\/parcoursscolaire.sdesj.org\/en\/wp-json\/wp\/v2\/media?parent=688"}],"curies":[{"name":"wp","href":"https:\/\/api.w.org\/{rel}","templated":true}]}}